{"id":116,"date":"2021-04-06T12:36:09","date_gmt":"2021-04-06T09:36:09","guid":{"rendered":"https:\/\/cmgj.ro\/?page_id=116"},"modified":"2023-12-28T12:11:51","modified_gmt":"2023-12-28T10:11:51","slug":"politica-de-confidentialitate","status":"publish","type":"page","link":"https:\/\/cmgj.ro\/?page_id=116","title":{"rendered":"Politic\u0103 de confiden\u021bialitate"},"content":{"rendered":"<div><\/div>\n<div style=\"text-align: center;\"><\/div>\n<div><\/div>\n<div><strong>Ultima actualizare: 02.11.2023\u00a0\u00a0<\/strong><\/div>\n<div><\/div>\n<div>Prin prezenta Politic\u0103 v\u0103 inform\u0103m despre modul \u00een care colect\u0103m, utiliz\u0103m, transfer\u0103m \u0219i protej\u0103m datele dvs. cu caracter personal.<\/div>\n<div>Prelucrarea acestora o realiz\u0103m \u00een conformitate cu prevederile Regulamentului (UE) 2016\/679 al Parlamentului European \u0219i al Consiliului din 27 aprilie 2016 privind protec\u021bia persoanelor fizice \u00een ceea ce prive\u0219te prelucrarea datelor cu caracter personal \u0219i privind libera circula\u021bie a acestor date, \u0219i de abrogare a Directivei nr. 95\/46\/CE (,,Regulamentul general privind protec\u021bia datelor\u201d, \u00een continuare ,,R.G.P.D.\u201d) \u0219i ale legisla\u021biei na\u021bionale relevante \u00een materia protec\u021biei datelor cu caracter personal.<\/div>\n<div><\/div>\n<div><strong>1. CINE SUNTEM NOI ?\u00a0<\/strong><\/div>\n<div>Colegiul Medicilor Gorj (\u00een continuare \u201dNoi\u201d sau \u201dColegiul\u201d) se organizeaz\u0103 \u0219i func\u021bioneaz\u0103, \u00een baza legii \u0219i a statutului, ca organiza\u021bie profesional\u0103 a medicilor din jude\u021bul Gorj, fiind o institu\u021bie de interes public, neguvernamental\u0103, apolitic\u0103 \u0219i f\u0103r\u0103 scop patrimonial.<\/div>\n<div>Colegiul are personalitate juridic\u0103 \u0219i este autonom \u00een raport cu orice autoritate public\u0103, exercit\u00e2ndu-\u0219i atribu\u021biile f\u0103r\u0103 posibilitatea vreunei imixtiuni.<\/div>\n<div>Colegiul are ca principal obiect de activitate controlul \u0219i supravegherea exercit\u0103rii profesiei de medic, aplicarea legilor \u0219i a regulamentelor care organizeaz\u0103 \u0219i reglementeaz\u0103 exerci\u021biul profesiei, reprezentarea intereselor profesiei de medic \u0219i p\u0103strarea prestigiului acestei profesiuni \u00een cadrul vie\u021bii sociale.<\/div>\n<div><\/div>\n<div><strong>Datele noastre de contact sunt:<\/strong><\/div>\n<div>Adresa sediului social: T\u00e2rgu Jiu, str. Alexandru Ioan Cuza nr. 2, jude\u021bul Gorj, Rom\u00e2nia.<\/div>\n<div>Adres\u0103 de e-mail: colegiul.medgorj@gmail.com<\/div>\n<div>Nr. de tel.\/fax: 0253.225.103<\/div>\n<div><\/div>\n<div><strong>2. CUM PRELUCR\u0102M DATELE DVS. CU CARACTER PERSONAL ?<\/strong><\/div>\n<div>Colegiul, \u00een calitatea sa de Operator, prelucreaz\u0103 datele cu caracter personal ale persoanelor vizate &#8211; candida\u021bi care aplic\u0103 pentru posturile disponibile, angaja\u021bi, medici care profeseaz\u0103 \u00een jude\u021bul Mehedin\u021bi, reprezentan\u021bi ai partenerilor contractuali \u0219i ai colaboratorilor, \u0219i datele altor persoane fizice care interac\u021bioneaz\u0103 cu Colegiul \u0219i\/sau sunt antrenate \u00een rela\u021bii contractuale cu acesta.<\/div>\n<div><\/div>\n<div>Datele cu caracter personal sunt:<\/div>\n<div>\uf0fc prelucrate \u00een mod legal, echitabil \u0219i transparent fa\u021b\u0103 de persoana vizat\u0103;<\/div>\n<div>\uf0fc colectate \u00een scopuri determinate, explicite \u0219i legitime \u0219i nu sunt prelucrate ulterior \u00eentr-un mod incompatibil cu aceste scopuri;<\/div>\n<div>\uf0fc adecvate, relevante \u0219i limitate la ceea ce este necesar \u00een raport cu scopurile \u00een care sunt prelucrate;<\/div>\n<div>\uf0fc exacte \u0219i actualizate \u00een termen;<\/div>\n<div>\uf0fc p\u0103strate \u00eentr-o form\u0103 care permite identificarea persoanelor vizate pe o perioad\u0103 care nu dep\u0103\u0219e\u0219te perioada necesar\u0103 \u00eendeplinirii scopurilor \u00een care sunt prelucrate datele;<\/div>\n<div>\uf0fc prelucrate \u00eentr-un mod care asigur\u0103 securitatea adecvat\u0103 a datelor cu caracter personal, inclusiv protec\u021bia \u00eempotriva prelucr\u0103rii neautorizate sau ilegale \u0219i \u00eempotriva pierderii, a distrugerii sau a deterior\u0103rii accidentale, prin luarea de m\u0103suri tehnice sau organizatorice corespunz\u0103toare.<\/div>\n<div><\/div>\n<div><strong>3. CARE SUNT TIPURILE DE DATE CU CARACTER PERSONAL PRELUCRATE \u0218I \u00ceN CE SCOP SUNT PRELUCRATE ACESTEA ?\u00a0<\/strong><\/div>\n<div>\u00cen contextul angaj\u0103rii de personal, pentru \u00eencheierea \u0219i executarea contractelor individuale de munc\u0103, prelucr\u0103m urm\u0103toarele tipuri de date: date de identitate din C.I.\/pa\u0219aport (nume, prenume, data \u0219i anul na\u0219terii, C.N.P., serie \u0219i num\u0103r C.I.\/pa\u0219aport, sexul, cet\u0103\u021benia, adres\u0103 de domiciliu), date de contact (adresa de e-mail, num\u0103r de telefon), date din acte de stare civil\u0103, date privind formarea profesional\u0103 (ex.: diplome, studii, date din CV etc.), date privind situa\u021bia familial\u0103 sau medical\u0103 (ex.: cazuri de deces \u00een familie pentru acordarea beneficiilor oferite conform legii, prelucr\u0103ri ale concediilor medicale etc.)<\/div>\n<div><\/div>\n<div>Se pot contacta reprezentan\u021bii Colegiului <strong>\u00een mod direct<\/strong> &#8211; prin telefon\/fax sau prin E-mail, acces\u00e2nd num\u0103rul de telefon\/fax sau adresa de E-mail (indicate la sec\u021biunea \u201dContact\u201d) a website-ului Colegiului <a href=\"https:\/\/cmgj.ro\/\" target=\"_blank\" rel=\"noopener\">www.cmgj.ro<\/a>.<\/div>\n<div><\/div>\n<div>\u00cen scopul <strong>complet\u0103rii \u0219i proces\u0103rii Cererii de acreditare pentru calitatea de observator la Comisia electoral\u0103<\/strong> (sec\u021biunea \u201dAcas\u0103\u201d \u2013 Anun\u021b privind depunerea cererilor de acreditare pentru calitatea de observator la comisia electoral\u0103) de pe website-ul Colegiului <a href=\"https:\/\/cmgj.ro\/\" target=\"_blank\" rel=\"noopener\">www.cmgj.ro<\/a> prelucr\u0103m urm\u0103toarele tipuri de date cu caracter personal: nume, prenume, semn\u0103tur\u0103, date de contact (nr. telefon\/adres\u0103 de e-mail).<\/div>\n<div><\/div>\n<div>\u00cen scopul <strong>complet\u0103rii \u0219i proces\u0103rii Modelului declara\u021biei de candidatur\u0103 pentru func\u021bia de membru \u00een Comisia de disciplin\u0103 a Colegiului Medicilor Gorj<\/strong> (sec\u021biunea \u201dAcas\u0103\u201d \u2013 Model declara\u021bie de candidatur\u0103 comisie de disciplin\u0103) de pe website-ul Colegiului <a href=\"https:\/\/cmgj.ro\/\" target=\"_blank\" rel=\"noopener\">www.cmgj.ro<\/a> prelucr\u0103m urm\u0103toarele tipuri de date cu caracter personal: nume, prenume, adres\u0103 de domiciliu, adres\u0103 de e-mail, nr. telefon, semn\u0103tur\u0103, alte date cu caracter personal cuprinse \u00een CV\/scrisoarea de inten\u021bie ata\u0219at\/\u0103 la declara\u021bie.<\/div>\n<div><\/div>\n<div>Pentru <strong>\u00eencheierea \u0219i executarea contractelor de prest\u0103ri servicii<\/strong>, inclusiv organizarea de cursuri, conferin\u021be \u0219i alte evenimente de formare profesional\u0103 \u00een domeniul medical sau activit\u0103\u021bi \u00een leg\u0103tur\u0103 cu aceasta, \u0219i a <strong>contractelor de dona\u021bie\/sponsorizare\/mecenat<\/strong> \u00een care <strong>Colegiul are calitatea de Beneficiar<\/strong> &#8211; prelucr\u0103m \u00een principal urm\u0103toarele tipuri de date cu caracter personal: nume, prenume, serie \u0219i num\u0103r carte de identitate\/pa\u0219aport, adres\u0103 de domiciliu\/re\u0219edin\u021b\u0103, num\u0103rul de cont bancar, adres\u0103 de E-mail, nr. de telefon.<\/div>\n<div><\/div>\n<div>Pentru <strong>vizitatorii website-ului<\/strong> este posibil s\u0103 colect\u0103m date prin module cookie sau alte tehnologii similare, precum: adresa IP, navigatorul de internet, loca\u021bia, paginile web accesate pe website-ul nostru, timpul petrecut pe website, re\u021beaua de internet, dispozitivul utilizat. Pentru mai multe detalii \u00een acest sens, consulta\u021bi <strong>Politica de cookies-uri<\/strong>.<\/div>\n<div><\/div>\n<div>Nu va\u0306 utiliza\u0306m datele dvs. cu caracter personal pentru a va\u0306 transmite comunica\u0306ri de tip marketing (precum Newsletter-uri).<\/div>\n<div><\/div>\n<div><strong>4. CARE SUNT TEMEIURILE LEGALE PE CARE SE BAZEAZ\u0102 PRELUCRAREA DATELOR CU CARACTER PERSONAL ?<\/strong><\/div>\n<div>Datele dvs. cu caracter personal sunt prelucrate \u00een vederea:<\/div>\n<div>\uf0fc <strong>pentru \u00eendeplinirea obliga\u021biilor legale<\/strong> care ne revin prin prisma legisla\u021biei privind organizarea \u0219i exercitarea profesiei de medic, dar \u0219i prin prisma celorlalte dispozi\u021bii legale aplicabile (ex. legisla\u021bia muncii, legisla\u021bia fiscal\u0103 etc.);<\/div>\n<div><strong>\uf0fc \u00eencheierii \u0219i execut\u0103rii diferitelor contracte;\u00a0<\/strong><\/div>\n<div>\uf0fc <strong>\u00een baza consim\u021b\u0103m\u00e2ntului solicitat \u0219i\/sau oferit \u00een prealabil<\/strong> (\u00een contextul recrut\u0103rii de personal, etc.);<\/div>\n<div>\uf0fc \u00een scopul <strong>intereselor legitime urm\u0103rite de Colegiu<\/strong> (ex. adoptarea de m\u0103suri de protec\u021bie \u0219i securitate a angaja\u021bilor no\u0219tri, exercitarea unor drepturi \u0219i interese legitime ale Colegiului \u00een cadrul procedurilor contencioase sau necontencioase etc.).<\/div>\n<div><\/div>\n<div><strong>5. PE CE DURAT\u0102 PRELUCR\u0102M DATELE DVS. CU CARACTER PERSONAL?<\/strong><\/div>\n<div>Datele cu caracter personal sunt stocate \u00een vederea prelucr\u0103rii lor pe durata necesar\u0103 atingerii scopurilor de prelucrare men\u021bionate \u00een prezenta <em><strong>Politic\u0103<\/strong> <\/em>sau pe durata impus\u0103 de lege (ex. \u00een materie de arhivare, de contabilitate etc.).<\/div>\n<div><\/div>\n<div><strong>6. CUI TRANSMITEM DATELE CU CARACTER PERSONAL ?<\/strong><\/div>\n<div>Nu vom comunica sau transfera vreunui ter\u021b, niciuna dintre datele cu caracter personal colectate de la dvs. sau despre dvs. cu <span style=\"text-decoration: underline;\"><strong>excep\u021bia<\/strong><\/span>:<\/div>\n<div>\u2022<strong> Autorit\u0103\u021bilor \u0219i institu\u021biilor publice<\/strong> &#8211; c\u00e2nd exist\u0103 o obliga\u021bie legal\u0103 \u00een acest sens sau \u00een scopul unui interes legitim (ap\u0103rarea drepturilor Colegiului \u00een procedurile contencioase sau necontencioase etc.).<\/div>\n<div>\u2022 <strong>Partenerilor contractuali sau colaboratorilor Colegiului<\/strong> care ne ofer\u0103 servicii de g\u0103zduire web, de dezvoltare websit, mentenan\u021b\u0103 websit, marketing online \u0219i comunicare de marketing.<\/div>\n<div>\u2022 <strong>Oric\u0103rui ter\u021b<\/strong> \u2013 dac\u0103 v-a\u021bi dat consim\u021b\u0103m\u00e2ntul \u00een mod expres \u0219i punctual, pentru respectiva situa\u021bie \u0219i respectivele date.<\/div>\n<div><\/div>\n<div>Datele cu caracter personal prelucrate de Colegiu <strong>nu sunt transferate<\/strong> de c\u0103tre acesta (direct sau prin intermediul partenerilor contractuali\/colaboratorilor s\u0103i) \u00een afara Rom\u00e2niei sau Spa\u021biului Economic European.<\/div>\n<div><\/div>\n<div><strong>7. CE M\u0102SURI DE PROTEC\u021aIE \u0218I GARAN\u021aII LU\u0102M ?<\/strong><\/div>\n<div>Colegiul implementeaz\u0103 m\u0103suri tehnice \u0219i organizatorice adecvate \u00een vederea asigur\u0103rii unui nivel \u00eenalt de securitate \u0219i protec\u021bie a datelor cu caracter personal.<\/div>\n<div>Utiliz\u0103m metode \u015fi tehnologii de securitate, \u00eempreun\u0103 cu politici \u015fi proceduri interne de lucru, inclusiv de control \u015fi audit, pentru a proteja datele cu caracter personal colectate conform prevederilor legale \u00een vigoare relevante \u00een materia protec\u021biei datelor cu caracter personal.<\/div>\n<div><\/div>\n<div><strong>8. CARE SUNT DREPTURILE DVS. \u00ceN CALITATE DE PERSOAN\u0102 VIZAT\u0102 ?<\/strong><\/div>\n<div>Orice persoan\u0103 vizat\u0103 \u00ee\u0219i poate exercita urm\u0103toarele drepturi, a\u0219a cum sunt prev\u0103zute de c\u0103tre Regulamentul general privind protec\u021bia datelor:<\/div>\n<div>\uf0fc Dreptul de acces;<\/div>\n<div>\uf0fc Dreptul de rectificare;<\/div>\n<div>\uf0fc Dreptul la \u0219tergere;<\/div>\n<div>\uf0fc Dreptul la restric\u021bionarea prelucr\u0103rii;<\/div>\n<div>\uf0fc Dreptul la portabilitate;<\/div>\n<div>\uf0fc Dreptul la opozi\u021bie a prelucr\u0103rii;<\/div>\n<div>\uf0fc Dreptul de a nu face obiectul unei decizii bazate exclusiv pe prelucrarea automat\u0103, inclusiv crearea de profiluri;<\/div>\n<div>\uf0fc Dreptul de a se adresa Autorit\u0103\u021bii Na\u0163ionale de Supraveghere a Prelucr\u0103rii Datelor cu Caracter Personal (<a href=\"https:\/\/www.dataprotection.ro\/\" target=\"_blank\" rel=\"noopener\">www.dataprotection.ro<\/a>) \u0219i instan\u021belor de judecat\u0103.<\/div>\n<div><\/div>\n<div>Pentru orice \u00eentreb\u0103ri, nel\u0103muriri sau exercitarea acestor drepturi ne pute\u021bi contacta prin telefon\/fax (la nr. 0253.225.103) sau E-mail la adresa: colegiul.medgorj@gmail.com, prin po\u0219t\u0103 sau curier la adresa: T\u00e2rgu Jiu, str. A. I. Cuza nr. 2, jude\u021bul Gorj, Rom\u00e2nia.<\/div>\n<div><\/div>\n","protected":false},"excerpt":{"rendered":"<p>Ultima actualizare: 02.11.2023\u00a0\u00a0 Prin prezenta Politic\u0103 v\u0103 inform\u0103m despre modul \u00een care colect\u0103m, utiliz\u0103m, transfer\u0103m \u0219i protej\u0103m datele dvs. cu caracter personal. [&hellip;]<\/p>\n","protected":false},"author":4,"featured_media":0,"parent":0,"menu_order":0,"comment_status":"closed","ping_status":"closed","template":"","meta":{"footnotes":""},"class_list":["post-116","page","type-page","status-publish","hentry"],"_links":{"self":[{"href":"https:\/\/cmgj.ro\/index.php?rest_route=\/wp\/v2\/pages\/116","targetHints":{"allow":["GET"]}}],"collection":[{"href":"https:\/\/cmgj.ro\/index.php?rest_route=\/wp\/v2\/pages"}],"about":[{"href":"https:\/\/cmgj.ro\/index.php?rest_route=\/wp\/v2\/types\/page"}],"author":[{"embeddable":true,"href":"https:\/\/cmgj.ro\/index.php?rest_route=\/wp\/v2\/users\/4"}],"replies":[{"embeddable":true,"href":"https:\/\/cmgj.ro\/index.php?rest_route=%2Fwp%2Fv2%2Fcomments&post=116"}],"version-history":[{"count":6,"href":"https:\/\/cmgj.ro\/index.php?rest_route=\/wp\/v2\/pages\/116\/revisions"}],"predecessor-version":[{"id":204,"href":"https:\/\/cmgj.ro\/index.php?rest_route=\/wp\/v2\/pages\/116\/revisions\/204"}],"wp:attachment":[{"href":"https:\/\/cmgj.ro\/index.php?rest_route=%2Fwp%2Fv2%2Fmedia&parent=116"}],"curies":[{"name":"wp","href":"https:\/\/api.w.org\/{rel}","templated":true}]}}