{"id":166,"date":"2023-09-13T16:02:17","date_gmt":"2023-09-13T13:02:17","guid":{"rendered":"https:\/\/cmgj.ro\/?page_id=166"},"modified":"2023-09-26T10:11:17","modified_gmt":"2023-09-26T07:11:17","slug":"alegeri-2023","status":"publish","type":"page","link":"https:\/\/cmgj.ro\/?page_id=166","title":{"rendered":"Alegeri-2023"},"content":{"rendered":"<p><strong>ALEGERI COMISIA SUPERIOAR<\/strong><strong>\u0102 DE DISCIPLIN\u0102<\/strong><\/p>\n<p><strong>Informa\u021bii Utile<\/strong><\/p>\n<p>Potrivit Regulamentului electoral privind alegerea membrilor comisiilor de disciplin\u0103 \u015fi a membrilor Comisiei Superioare de Disciplin\u0103:<\/p>\n<p>(1) Dreptul de a alege \u015fi dreptul de a fi ales le au numai medicii membri ai Colegiului Medicilor din Rom\u00e2nia care au cotiza\u0163ia pl\u0103tit\u0103 la zi.*<\/p>\n<p>(2) Membrii comisiilor de disciplin\u0103 de la nivelul colegiului teritorial sunt ale\u015fi de adunarea general\u0103 a colegiului \u00een care sunt \u00eenscri\u015fi, iar membrii Comisiei Superioare de Disciplin\u0103 sunt ale\u015fi de Adunarea general\u0103 na\u0163ional\u0103 a Colegiului Medicilor din Rom\u00e2nia.<\/p>\n<p>(3) Pot fi ale\u015fi \u00een cadrul acestor comisii medicii primari care au o vechime \u00een profesie de cel pu\u0163in 7 ani \u015fi nu au s\u0103v\u00e2r\u015fit abateri disciplinare \u00een ultimii 5 ani.<\/p>\n<p>*Aleg\u0103torii \u0219i candida\u021bii trebuie s\u0103 aib\u0103 cotiza\u021bia achitat\u0103 la zi \u2013 adic\u0103 p\u00e2n\u0103 la data de 30 iunie 2023; aleg\u0103torul, pentru a fi \u00eenregistrat \u00een Registrul electoral, iar candidatul, pentru a avea o candidatur\u0103 valid\u0103.<\/p>\n<p>Potrivit Deciziei nr. 15 din 03.08.2023, : Dispozi\u021biile art. 4 alin. 3) din Regulamentul electoral care prev\u0103d c\u0103 \u201epot fi ale\u0219i \u00een cadrul acestor comisii medicii primari care au o vechime \u00een profesie de cel pu\u021bin 7 ani\u201d nu se interpreteaz\u0103 ca vechime de 7 ani de la momentul la care medicul a ob\u021binut gradul profesional de medic primar.<\/p>\n<p><strong><u>Potrivit Deciziei nr. 8, se stabile\u015fte data organiz\u0103rii alegerilor pentru Comisia Superioar\u0103 de Disciplin\u0103 a Colegiului Medicilor din Rom\u00e2nia, dup\u0103 cum urmeaz\u0103 turul I \u00een 13 octombrie 2023, respectiv, dac\u0103 este cazul, turul II \u00een 27 octombrie 2023.<\/u><\/strong><\/p>\n<p><strong>REGULAMENTUL ELECTORAL \u2013 VERSIUNEA CONSOLIDAT\u0102 LEGE 5\/Indaco (inclusiv ultimele modific\u0103ri publicate \u00een M. Of.)<\/strong><\/p>\n<h5><strong>\u00a0Componen\u0163a Comisiei Electorale Centrale:<\/strong><\/h5>\n<h5><strong>dr. Aurelian-Emil Ranetti;<\/strong><\/h5>\n<h5><strong>dr. Bogdan Popescu;<\/strong><\/h5>\n<h5><strong>dr. Horia Bumbea;<\/strong><\/h5>\n<h5><strong>dr. Dan-Nicolae Popescu;<\/strong><\/h5>\n<h5><strong>dr. Adrian Cursaru;<\/strong><\/h5>\n<h5><strong>dr. Mihaela Bo\u0163;<\/strong><\/h5>\n<h5><strong>dr. Ciprian-Andrei Coroleuc\u0103;<\/strong><\/h5>\n<h5><strong>C\u0103t\u0103lin Miu \u2013 specialist IT;<\/strong><\/h5>\n<h5><strong>av. Nicoleta Tatiana Popescu.<\/strong><\/h5>\n<p>&nbsp;<\/p>\n<p><strong>ADRES\u0102 TUTORIAL VOT ELECTRONIC:<\/strong><\/p>\n<p><a href=\"https:\/\/www.youtube.com\/watch?v=YRRtlI4yhV0\" target=\"_blank\" rel=\"noopener\"><strong>https:\/\/www.youtube.com\/watch?v=YRRtlI4yhV0<\/strong><\/a><\/p>\n<p><strong><a href=\"https:\/\/cmgj.ro\/wp-content\/uploads\/2023\/09\/Buletin-de-vot-SCANAT.pdf\" target=\"_blank\" rel=\"noopener\">Buletin de vot SCANAT<\/a><\/strong><\/p>\n<p><a href=\"https:\/\/cmgj.ro\/wp-content\/uploads\/2023\/09\/Lista-alegatori-registru-electoral-22-23-septembrie-2023.pdf\" target=\"_blank\" rel=\"noopener\"><strong>Lista electorala<\/strong><\/a><\/p>\n","protected":false},"excerpt":{"rendered":"<p>ALEGERI COMISIA SUPERIOAR\u0102 DE DISCIPLIN\u0102 Informa\u021bii Utile Potrivit Regulamentului electoral privind alegerea membrilor comisiilor de disciplin\u0103 \u015fi a membrilor Comisiei Superioare de [&hellip;]<\/p>\n","protected":false},"author":6,"featured_media":0,"parent":0,"menu_order":0,"comment_status":"closed","ping_status":"closed","template":"","meta":{"footnotes":""},"class_list":["post-166","page","type-page","status-publish","hentry"],"_links":{"self":[{"href":"https:\/\/cmgj.ro\/index.php?rest_route=\/wp\/v2\/pages\/166","targetHints":{"allow":["GET"]}}],"collection":[{"href":"https:\/\/cmgj.ro\/index.php?rest_route=\/wp\/v2\/pages"}],"about":[{"href":"https:\/\/cmgj.ro\/index.php?rest_route=\/wp\/v2\/types\/page"}],"author":[{"embeddable":true,"href":"https:\/\/cmgj.ro\/index.php?rest_route=\/wp\/v2\/users\/6"}],"replies":[{"embeddable":true,"href":"https:\/\/cmgj.ro\/index.php?rest_route=%2Fwp%2Fv2%2Fcomments&post=166"}],"version-history":[{"count":8,"href":"https:\/\/cmgj.ro\/index.php?rest_route=\/wp\/v2\/pages\/166\/revisions"}],"predecessor-version":[{"id":194,"href":"https:\/\/cmgj.ro\/index.php?rest_route=\/wp\/v2\/pages\/166\/revisions\/194"}],"wp:attachment":[{"href":"https:\/\/cmgj.ro\/index.php?rest_route=%2Fwp%2Fv2%2Fmedia&parent=166"}],"curies":[{"name":"wp","href":"https:\/\/api.w.org\/{rel}","templated":true}]}}