{"id":239,"date":"2024-08-08T22:18:34","date_gmt":"2024-08-08T19:18:34","guid":{"rendered":"https:\/\/cmgj.ro\/?page_id=239"},"modified":"2024-10-23T23:37:52","modified_gmt":"2024-10-23T20:37:52","slug":"alegeri-organe-de-conducere-si-control-2024","status":"publish","type":"page","link":"https:\/\/cmgj.ro\/?page_id=239","title":{"rendered":"ALEGERI 2024"},"content":{"rendered":"<h5><strong>\u00a0ALEGERI ORGANE DE CONDUCERE \u0218I CONTROL 2024<\/strong><\/h5>\n<div>\n<div>\n<div>\n<div>\n<div>\n<div>\n<div><span style=\"color: #0000ff;\"><a style=\"color: #0000ff;\" href=\"https:\/\/cmgj.ro\/wp-content\/uploads\/2024\/10\/Decizia-nr.-108-din-23.10.2024.pdf\" target=\"_blank\" rel=\"noopener\"><strong>Decizia nr. 108 din 23.10.2024<\/strong><\/a><\/span><\/div>\n<div><span style=\"color: #0000ff;\"><a style=\"color: #0000ff;\" href=\"https:\/\/cmgj.ro\/wp-content\/uploads\/2024\/10\/REZULTATE-FINALE-ALEGERI-MEMBRU-IN-BIROUL-CONSILIULUI-CM-GORJ.pdf\" target=\"_blank\" rel=\"noopener\"><strong>REZULTATE FINALE ALEGERI MEMBRU \u00ceN BIROUL CONSILIULUI CM GORJ<\/strong><\/a><\/span><\/div>\n<div><a href=\"https:\/\/cmgj.ro\/wp-content\/uploads\/2024\/10\/REZULTATE-FINALE-ALEGERI-REPREZENTANT-IN-CN-CMR.pdf\" target=\"_blank\" rel=\"noopener\"><strong><span style=\"color: #0000ff;\">REZULTATE FINALE ALEGERI REPREZENTANT IN CN CMR<\/span><\/strong><\/a><\/div>\n<\/div>\n<div><em><strong>Contesta\u021biile \u00eempotriva alegerilor se depun \u00eentre 16 octombrie 2024, ora 17:00 &#8211; 17 octombrie 2024, ora 17:00.<\/strong><\/em><\/div>\n<div><span style=\"color: #0000ff;\"><a style=\"color: #0000ff;\" href=\"https:\/\/cmgj.ro\/wp-content\/uploads\/2024\/10\/PROCES-VERBAL-REPREZENTANT-CN-CMR.pdf\" target=\"_blank\" rel=\"noopener\"><strong>PROCES VERBAL REPREZENTANT CN CMR<\/strong><\/a><\/span><\/div>\n<div><span style=\"color: #0000ff;\"><a style=\"color: #0000ff;\" href=\"https:\/\/cmgj.ro\/wp-content\/uploads\/2024\/10\/PROCESE-VERBALE-ALEGERI-MEMBRI-IN-BIROUL-CONSILIULUI-CM-GORJ.pdf\" target=\"_blank\" rel=\"noopener\"><strong>PROCESE VERBALE ALEGERI MEMBRI \u00ceN BIROUL CONSILIULUI CM GORJ<\/strong><\/a><\/span><\/div>\n<\/div>\n<div><span style=\"color: #0000ff;\"><a style=\"color: #0000ff;\" href=\"https:\/\/cmgj.ro\/wp-content\/uploads\/2024\/10\/MODEL-BULETINE-DE-VOT-ALEGERI-REPREZENTANT-CN-MEMBRU-IN-CONSILIUL-CM-GORJ.pdf\" target=\"_blank\" rel=\"noopener\"><strong>MODEL BULETINE DE VOT ALEGERI REPREZENTANT CN + MEMBRU \u00ceN CONSILIUL CM GORJ<\/strong><\/a><\/span><\/div>\n<div><span style=\"color: #0000ff;\"><a style=\"color: #0000ff;\" href=\"https:\/\/cmgj.ro\/wp-content\/uploads\/2024\/10\/LISTA-MEMBRILOR-CU-DREPT-DE-VOT-PENTRU-FUNCTIA-DE-REPREZENTANT-IN-CN-AL-CMR.pdf\" target=\"_blank\" rel=\"noopener\"><strong>LISTA MEMBRILOR CU DREPT DE VOT PENTRU FUNC\u021aIA DE REPREZENTANT \u00ceN CN AL CMR<\/strong><\/a><\/span><\/div>\n<div><a href=\"https:\/\/cmgj.ro\/wp-content\/uploads\/2024\/10\/LISTA-MEMBRILOR-CU-DREPT-DE-VOT-PENTRU-FUNCTIA-DE-MEMBRU-IN-BIROUL-CONSILIULUI-CM-GORJ.pdf\" target=\"_blank\" rel=\"noopener\"><strong><span style=\"color: #0000ff;\">LISTA MEMBRILOR CU DREPT DE VOT PENTRU FUNCTIA DE MEMBRU \u00ceN BIROUL CONSILIULUI CM GORJ<\/span><\/strong><\/a><\/div>\n<\/div>\n<div><strong><span style=\"color: #0000ff;\"><a style=\"color: #0000ff;\" href=\"https:\/\/cmgj.ro\/wp-content\/uploads\/2024\/10\/LISTE-FINALE-CANDIDATI-PENTRU-FUNCTIA-DE-MEMBRU-IN-BIROUL-CONSILIULUI-CM-GORJ.pdf\" target=\"_blank\" rel=\"noopener\">LISTE FINALE CANDIDA\u021aI PENTRU FUNC\u021aIA DE MEMBRU \u00ceN BIROUL CONSILIULUI CM GORJ<\/a><\/span><\/strong><\/div>\n<div><span style=\"color: #0000ff;\"><a style=\"color: #0000ff;\" href=\"https:\/\/cmgj.ro\/wp-content\/uploads\/2024\/10\/LISTE-FINALE-CANDIDATI-PENTRU-FUNCTIA-DE-REPREZENTANT-IN-CN-CMR.pdf\" target=\"_blank\" rel=\"noopener\"><strong>LISTE FINALE CANDIDA\u021aI PENTRU FUNC\u021aIA DE REPREZENTANT \u00ceN CN CMR<\/strong><\/a><\/span><\/div>\n<\/div>\n<div><span style=\"color: #0000ff;\"><a style=\"color: #0000ff;\" href=\"https:\/\/cmgj.ro\/?p=415\" target=\"_blank\" rel=\"noopener\"><strong>CANDIDATURI PENTRU FUNC\u021aIA DE REPREZENTANT \u00ceN CN AL CMR<\/strong><\/a><\/span><\/div>\n<\/div>\n<div><span style=\"color: #0000ff;\"><a style=\"color: #0000ff;\" href=\"https:\/\/cmgj.ro\/?p=400\" target=\"_blank\" rel=\"noopener\"><strong>CANDIDATURI PENTRU FUNC\u021aIA DE MEMBRU \u00ceN BIROUL CONSILIULUI CM GORJ<\/strong><\/a><\/span><\/div>\n<p><span style=\"color: #0000ff;\"><a style=\"color: #0000ff;\" href=\"https:\/\/cmgj.ro\/wp-content\/uploads\/2024\/10\/REZULTATE-VERIFICARE-CANDIDATURI-PENTRU-FUNCTIA-DE-MEMBRU-IN-BIROUL-CONSILIULUI-CM-GORJ.pdf\" target=\"_blank\" rel=\"noopener\"><strong>REZULTATE VERIFICARE CANDIDATURI PENTRU FUNC\u021aIA DE MEMBRU \u00ceN BIROUL CONSILIULUI CM GORJ<\/strong><\/a><\/span><\/p>\n<p><span style=\"color: #0000ff;\"><a style=\"color: #0000ff;\" href=\"https:\/\/cmgj.ro\/wp-content\/uploads\/2024\/10\/REZULTATE-VERIFICARE-CANDIDATURI-PENTRU-FUNCTIA-DE-REPREZENTANT-IN-CN-IN-CMR.pdf\" target=\"_blank\" rel=\"noopener\"><strong>REZULTATE VERIFICARE CANDIDATURI PENTRU FUNC\u021aIA DE REPREZENTANT \u00ceN CN \u00ceN CMR<\/strong><\/a><\/span><\/p>\n<p><em><strong>Precizare: Termenul de depunere al candidaturilor pentru func\u021bia de reprezentant \u00een Consiliul na\u021bional al Colegiului Medicilor din Rom\u00e2nia expir\u0103 \u00een data de 12 octombrie 2024, ora 13:00.<\/strong><\/em><\/p>\n<p><span style=\"color: #0000ff;\"><a style=\"color: #0000ff;\" href=\"https:\/\/cmgj.ro\/wp-content\/uploads\/2024\/10\/ANUNT-DEPUNERE-CANDIDATURI-MEMBRU-IN-BIROUL-CONSILIULUI-CM-GORJ.pdf\" target=\"_blank\" rel=\"noopener\"><strong>ANUN\u021a DEPUNERE CANDIDATURI MEMBRU \u00ceN BIROUL CONSILIULUI CM GORJ<\/strong><\/a><\/span><\/p>\n<p><span style=\"color: #0000ff;\"><a style=\"color: #0000ff;\" href=\"https:\/\/cmgj.ro\/wp-content\/uploads\/2024\/10\/PROCES-VERBAL-REZULTATE-FINALE-ALEGERI.pdf\" target=\"_blank\" rel=\"noopener\"><strong>PROCES VERBAL REZULTATE FINALE ALEGERI<\/strong><\/a><\/span><br \/>\n<span style=\"color: #0000ff;\"><a style=\"color: #0000ff;\" href=\"https:\/\/cmgj.ro\/wp-content\/uploads\/2024\/10\/Decizia-CEC-nr.-49-din-10.10.2024.pdf\" target=\"_blank\" rel=\"noopener\"><strong>Decizia CEC nr. 49 din 10.10.2024<\/strong><\/a><\/span><\/p>\n<div><a href=\"https:\/\/cmgj.ro\/wp-content\/uploads\/2024\/10\/Decizie-CEC-nr.-18-din-09.10.2024.pdf\" target=\"_blank\" rel=\"noopener\"><strong>Decizie CEC nr. 18 din 09.10.2024<\/strong><\/a><\/div>\n<div><span style=\"color: #0000ff;\"><a style=\"color: #0000ff;\" href=\"https:\/\/cmgj.ro\/wp-content\/uploads\/2024\/10\/Decizie-CEC-nr.-15-din-07.10.2024.pdf\" target=\"_blank\" rel=\"noopener\"><strong>Decizie CEC nr. 15 din 07.10.2024<\/strong><\/a><\/span><\/div>\n<div><strong>Contesta\u021biile \u00eempotriva rezultatelor alegerilor pot fi formulate \u0219i transmise la adresa de e-mail <a href=\"mailto:colegiul.medgorj@gmail.com\">colegiul.medgorj@gmail.com<\/a> \u00een termen de 24 de ore de la afi\u0219area procesului verbal privind rezultatele alegerilor.<\/strong><\/div>\n<div><a href=\"https:\/\/cmgj.ro\/wp-content\/uploads\/2024\/10\/PROCES-VERBAL-REZULTATE-ALEGERI-afisat-in-data-de-05.10.2024-ora-23.55.pdf\" target=\"_blank\" rel=\"noopener\"><strong>PROCES VERBAL &#8211; REZULTATE ALEGERI &#8211; afi\u0219at \u00een data de 05.10.2024, ora 23.55<\/strong><\/a><\/div>\n<div><span style=\"color: #0000ff;\"><a style=\"color: #0000ff;\" href=\"https:\/\/cmgj.ro\/wp-content\/uploads\/2024\/10\/LISTA-ELECTORALA-PERMANENTA-TURUL-II-actualizata.pdf\" target=\"_blank\" rel=\"noopener\"><strong>LISTA ELECTORAL\u0102 PERMANENT\u0102 TURUL II &#8211; actualizat\u0103<\/strong><\/a><\/span><\/div>\n<div><span style=\"color: #0000ff;\"><a style=\"color: #0000ff;\" href=\"https:\/\/cmgj.ro\/wp-content\/uploads\/2024\/09\/ANUNT-TURUL-II.pdf\" target=\"_blank\" rel=\"noopener\"><strong>ANUN\u021a TURUL II<\/strong><\/a><\/span><\/div>\n<div><a href=\"https:\/\/cmgj.ro\/wp-content\/uploads\/2024\/09\/INFORMATII-ALEGERI-2024.pdf\" target=\"_blank\" rel=\"noopener\"><span style=\"font-size: 14pt; color: #ff0000;\"><strong>INFORMA\u021aII ALEGERI 2024<\/strong><\/span><\/a><\/div>\n<div>\n<p><img loading=\"lazy\" decoding=\"async\" class=\" wp-image-350 aligncenter\" src=\"https:\/\/cmgj.ro\/wp-content\/uploads\/2024\/09\/alegeri-cmgj-300x56.jpg\" alt=\"\" width=\"890\" height=\"166\" srcset=\"https:\/\/cmgj.ro\/wp-content\/uploads\/2024\/09\/alegeri-cmgj-300x56.jpg 300w, https:\/\/cmgj.ro\/wp-content\/uploads\/2024\/09\/alegeri-cmgj-1024x192.jpg 1024w, https:\/\/cmgj.ro\/wp-content\/uploads\/2024\/09\/alegeri-cmgj-768x144.jpg 768w, https:\/\/cmgj.ro\/wp-content\/uploads\/2024\/09\/alegeri-cmgj-1000x188.jpg 1000w, https:\/\/cmgj.ro\/wp-content\/uploads\/2024\/09\/alegeri-cmgj-230x43.jpg 230w, https:\/\/cmgj.ro\/wp-content\/uploads\/2024\/09\/alegeri-cmgj-350x66.jpg 350w, https:\/\/cmgj.ro\/wp-content\/uploads\/2024\/09\/alegeri-cmgj-480x90.jpg 480w, https:\/\/cmgj.ro\/wp-content\/uploads\/2024\/09\/alegeri-cmgj.jpg 1447w\" sizes=\"auto, (max-width: 890px) 100vw, 890px\" \/><\/p>\n<p><span style=\"color: #0000ff;\"><a style=\"color: #0000ff;\" href=\"https:\/\/cmgj.ro\/wp-content\/uploads\/2024\/09\/DEPUNERE-CANDIDATURA-PENTRU-CALITATEA-DE-MEMBRU-IN-CONSILIUL-NATIONAL-AL-CMR.pdf\" target=\"_blank\" rel=\"noopener\"><strong>DEPUNERE CANDIDATUR\u0102 PENTRU CALITATEA DE MEMBRU \u00ceN CONSILIUL NA\u021aIONAL AL CMR<\/strong><\/a><\/span><\/p>\n<p><span style=\"color: #0000ff;\"><a style=\"color: #0000ff;\" href=\"https:\/\/cmgj.ro\/wp-content\/uploads\/2024\/09\/DECIZIE-Comisia-Electorala-Centrala-NR.-11-17.09.2024.pdf\" target=\"_blank\" rel=\"noopener\"><strong>DECIZIE Comisia Electoral\u0103 Central\u0103 NR. 11 &#8211; 17.09.2024<\/strong><\/a><\/span><\/p>\n<p><span style=\"color: #0000ff;\"><a style=\"color: #0000ff;\" href=\"https:\/\/cmgj.ro\/wp-content\/uploads\/2024\/09\/Anexa-nr-3-Declaratie-de-candidatura-rep-CN-CMR.pdf\" target=\"_blank\" rel=\"noopener\"><strong>Anexa nr 3 Declaratie de candidatura rep CN CMR<\/strong><\/a><\/span><\/p>\n<p><span style=\"color: #0000ff;\"><a style=\"color: #0000ff;\" href=\"https:\/\/cmgj.ro\/wp-content\/uploads\/2024\/09\/Anexa-nr.-4-Declaratie-de-candidatura-membru-Biroul-Consiliului-CM-Gorj.pdf\" target=\"_blank\" rel=\"noopener\"><strong>Anexa nr. 4 Declaratie de candidatura membru Biroul Consiliului CM Gorj<\/strong><\/a><\/span><\/p>\n<\/div>\n<div>\n<p><span style=\"color: #0000ff;\"><a style=\"color: #0000ff;\" href=\"https:\/\/www.cmr.ro\/aplicatia-medicului\" target=\"_blank\" rel=\"noopener\"><strong>Informa\u021bii vot electronic &#8211; Aplica\u021bia medicului<\/strong><\/a><\/span><\/p>\n<p><span style=\"color: #0000ff;\"><strong><a style=\"color: #0000ff;\" href=\"https:\/\/cmgj.ro\/wp-content\/uploads\/2024\/09\/MODEL-BULETIN-DE-VOT-CONSILIU.pdf\" target=\"_blank\" rel=\"noopener\">MODEL BULETIN DE VOT CONSILIU<\/a><\/strong><\/span><\/p>\n<p><span style=\"color: #0000ff;\"><strong><a style=\"color: #0000ff;\" href=\"https:\/\/cmgj.ro\/wp-content\/uploads\/2024\/09\/MODEL-BULETIN-DE-VOT-CENZOR.pdf\" target=\"_blank\" rel=\"noopener\">MODEL BULETIN DE VOT CENZOR<\/a><\/strong><\/span><\/p>\n<p><span style=\"color: #0000ff;\"><strong><a style=\"color: #0000ff;\" href=\"https:\/\/cmgj.ro\/wp-content\/uploads\/2024\/09\/MODEL-BULETIN-DE-VOT-AG.pdf\" target=\"_blank\" rel=\"noopener\">MODEL BULETIN DE VOT AG<\/a><\/strong><\/span><\/p>\n<\/div>\n<p><span style=\"color: #0000ff;\"><a style=\"color: #0000ff;\" href=\"https:\/\/cmgj.ro\/wp-content\/uploads\/2024\/09\/LISTA-FINALA-CANDIDATI.pdf\" target=\"_blank\" rel=\"noopener\"><strong>LISTA FINALA CANDIDATI<\/strong><\/a><\/span><\/p>\n<p><span style=\"color: #0000ff;\"><a style=\"color: #0000ff;\" href=\"https:\/\/cmgj.ro\/wp-content\/uploads\/2024\/09\/LISTA-ELECTORALA-PERMANENTA.pdf\" target=\"_blank\" rel=\"noopener\"><strong>LISTA ELECTORAL\u0102 PERMANENT\u0102<\/strong><\/a><\/span><\/p>\n<p><a href=\"https:\/\/cmgj.ro\/wp-content\/uploads\/2024\/09\/REZULTATE-VERIFICARE-CANDIDATURI.pdf\" target=\"_blank\" rel=\"noopener\"><strong><span style=\"color: #0000ff;\">REZULTATE VERIFICARE CANDIDATURI<\/span><\/strong><\/a><\/p>\n<p><span style=\"color: #0000ff;\"><a style=\"color: #0000ff;\" href=\"https:\/\/cmgj.ro\/?page_id=278\" target=\"_blank\" rel=\"noopener\"><strong>CANDIDATURI<\/strong><\/a><\/span><\/p>\n<p><a href=\"https:\/\/cmgj.ro\/wp-content\/uploads\/2024\/08\/ANUNT.pdf\" target=\"_blank\" rel=\"noopener\"><span style=\"color: #0000ff;\">ANUN\u021a<\/span><\/a><\/p>\n<p><span style=\"color: #0000ff;\"><a style=\"color: #0000ff;\" href=\"https:\/\/cmgj.ro\/wp-content\/uploads\/2024\/08\/COMPONENTA-COMISIEI-ELECTORALE.pdf\" target=\"_blank\" rel=\"noopener\">COMPONEN\u021aA COMISIEI ELECTORALE<\/a><\/span><\/p>\n<p><span style=\"color: #0000ff;\"><a style=\"color: #0000ff;\" href=\"https:\/\/cmgj.ro\/wp-content\/uploads\/2024\/08\/NOTA-INFORMARE-GDPR.pdf\" target=\"_blank\" rel=\"noopener\">NOT\u0102 INFORMARE GDPR<\/a><\/span><\/p>\n<p><span style=\"color: #0000ff;\"><a style=\"color: #0000ff;\" href=\"https:\/\/cmgj.ro\/wp-content\/uploads\/2024\/08\/REGULAMENTUL-ELECTORAL-MO-Partea-I-nr.-578Bis.pdf\" target=\"_blank\" rel=\"noopener\">REGULAMENTUL ELECTORAL (MO Partea I nr. 578Bis)<\/a><\/span><\/p>\n<p><span style=\"color: #0000ff;\"><a style=\"color: #0000ff;\" href=\"https:\/\/cmgj.ro\/wp-content\/uploads\/2024\/08\/DECLARATIE-CANDIDATURA.docx\" target=\"_blank\" rel=\"noopener\">DECLARA\u021aIE CANDIDATUR\u0102<\/a><\/span><\/p>\n<p><span style=\"color: #0000ff;\"><a style=\"color: #0000ff;\" href=\"https:\/\/cmgj.ro\/wp-content\/uploads\/2024\/09\/Decizia-nr.2-din-12.08.2024-CEC.pdf\" target=\"_blank\" rel=\"noopener\">Decizia nr.2 din 12.08.2024 CEC<\/a><\/span><\/p>\n<p><span style=\"color: #0000ff;\"><a style=\"color: #0000ff;\" href=\"https:\/\/cmgj.ro\/wp-content\/uploads\/2024\/09\/DECIZIE-CEC-nr.-3-din-28.08.2024.pdf\" target=\"_blank\" rel=\"noopener\">DECIZIE CEC nr. 3 din 28.08.2024<\/a><\/span><\/p>\n<p><span style=\"color: #0000ff;\"><a style=\"color: #0000ff;\" href=\"https:\/\/cmgj.ro\/wp-content\/uploads\/2024\/09\/Acreditare-observatori.pdf\" target=\"_blank\" rel=\"noopener\">Acreditare observatori<\/a><\/span><\/p>\n<p><span style=\"color: #0000ff;\"><a style=\"color: #0000ff;\" href=\"https:\/\/cmgj.ro\/wp-content\/uploads\/2024\/09\/Cerere-acreditare-observator.docx\" target=\"_blank\" rel=\"noopener\"><span style=\"color: #0000ff;\">Cerere acreditare observator<\/span><\/a><\/span><\/p>\n<\/div>\n","protected":false},"excerpt":{"rendered":"<p>\u00a0ALEGERI ORGANE DE CONDUCERE \u0218I CONTROL 2024 Decizia nr. 108 din 23.10.2024 REZULTATE FINALE ALEGERI MEMBRU \u00ceN BIROUL CONSILIULUI CM GORJ REZULTATE [&hellip;]<\/p>\n","protected":false},"author":4,"featured_media":0,"parent":0,"menu_order":0,"comment_status":"closed","ping_status":"closed","template":"","meta":{"footnotes":""},"class_list":["post-239","page","type-page","status-publish","hentry"],"_links":{"self":[{"href":"https:\/\/cmgj.ro\/index.php?rest_route=\/wp\/v2\/pages\/239","targetHints":{"allow":["GET"]}}],"collection":[{"href":"https:\/\/cmgj.ro\/index.php?rest_route=\/wp\/v2\/pages"}],"about":[{"href":"https:\/\/cmgj.ro\/index.php?rest_route=\/wp\/v2\/types\/page"}],"author":[{"embeddable":true,"href":"https:\/\/cmgj.ro\/index.php?rest_route=\/wp\/v2\/users\/4"}],"replies":[{"embeddable":true,"href":"https:\/\/cmgj.ro\/index.php?rest_route=%2Fwp%2Fv2%2Fcomments&post=239"}],"version-history":[{"count":45,"href":"https:\/\/cmgj.ro\/index.php?rest_route=\/wp\/v2\/pages\/239\/revisions"}],"predecessor-version":[{"id":452,"href":"https:\/\/cmgj.ro\/index.php?rest_route=\/wp\/v2\/pages\/239\/revisions\/452"}],"wp:attachment":[{"href":"https:\/\/cmgj.ro\/index.php?rest_route=%2Fwp%2Fv2%2Fmedia&parent=239"}],"curies":[{"name":"wp","href":"https:\/\/api.w.org\/{rel}","templated":true}]}}