{"id":278,"date":"2024-09-03T20:53:19","date_gmt":"2024-09-03T17:53:19","guid":{"rendered":"https:\/\/cmgj.ro\/?page_id=278"},"modified":"2024-09-04T13:22:44","modified_gmt":"2024-09-04T10:22:44","slug":"candidaturi","status":"publish","type":"page","link":"https:\/\/cmgj.ro\/?page_id=278","title":{"rendered":"CANDIDATURI"},"content":{"rendered":"<p><span style=\"color: #0000ff;\"><a style=\"color: #0000ff;\" href=\"https:\/\/cmgj.ro\/wp-content\/uploads\/2024\/09\/Dr.-Busu-Lorelei-Narcis.pdf\" target=\"_blank\" rel=\"noopener\">Dr. Bu\u0219u Lorelei Narcis<\/a><\/span><br \/>\n<span style=\"color: #0000ff;\"><a style=\"color: #0000ff;\" href=\"https:\/\/cmgj.ro\/wp-content\/uploads\/2024\/09\/Dr.-Baleanu-Ana.pdf\" target=\"_blank\" rel=\"noopener\">Dr. B\u0103leanu Ana<\/a><\/span><br \/>\n<span style=\"color: #0000ff;\"><a style=\"color: #0000ff;\" href=\"https:\/\/cmgj.ro\/wp-content\/uploads\/2024\/09\/Dr.-Baluta-Maria-Mihaila.pdf\" target=\"_blank\" rel=\"noopener\">Dr. B\u0103lu\u021b\u0103 Maria Mihaila<\/a><\/span><br \/>\n<span style=\"color: #0000ff;\"><a style=\"color: #0000ff;\" href=\"https:\/\/cmgj.ro\/wp-content\/uploads\/2024\/09\/Dr.-Ciungu-Valentin.pdf\" target=\"_blank\" rel=\"noopener\">Dr. Ciungu Valentin<\/a><\/span><br \/>\n<span style=\"color: #0000ff;\"><a style=\"color: #0000ff;\" href=\"https:\/\/cmgj.ro\/wp-content\/uploads\/2024\/09\/Dr.-Cimpeanu-Ana-Maria.pdf\" target=\"_blank\" rel=\"noopener\">Dr. C\u00eempeanu Ana Maria<\/a><\/span><br \/>\n<span style=\"color: #0000ff;\"><a style=\"color: #0000ff;\" href=\"https:\/\/cmgj.ro\/wp-content\/uploads\/2024\/09\/Dr.-Caliman-Eugenia.pdf\" target=\"_blank\" rel=\"noopener\">Dr. C\u0103liman Eugenia<\/a><\/span><br \/>\n<span style=\"color: #0000ff;\"><a style=\"color: #0000ff;\" href=\"https:\/\/cmgj.ro\/wp-content\/uploads\/2024\/09\/Dr.-Dragota-Luminita-Diana.pdf\" target=\"_blank\" rel=\"noopener\">Dr. Dragot\u0103 Lumini\u021ba Diana<\/a><\/span><br \/>\n<span style=\"color: #0000ff;\"><a style=\"color: #0000ff;\" href=\"https:\/\/cmgj.ro\/wp-content\/uploads\/2024\/09\/Dr.-Dirnu-Rodica.pdf\" target=\"_blank\" rel=\"noopener\">Dr. D\u00eernu Rodica<\/a><\/span><br \/>\n<span style=\"color: #0000ff;\"><a style=\"color: #0000ff;\" href=\"https:\/\/cmgj.ro\/wp-content\/uploads\/2024\/09\/Dr.-Danaiata-Constantin-Alin.pdf\" target=\"_blank\" rel=\"noopener\">Dr. D\u0103n\u0103ia\u021b\u0103 Constantin Alin<\/a><\/span><br \/>\n<span style=\"color: #0000ff;\"><a style=\"color: #0000ff;\" href=\"https:\/\/cmgj.ro\/wp-content\/uploads\/2024\/09\/Dr.-Dogariu-Ioan.pdf\" target=\"_blank\" rel=\"noopener\">Dr. Dogariu Ioan<\/a><\/span><br \/>\n<span style=\"color: #0000ff;\"><a style=\"color: #0000ff;\" href=\"https:\/\/cmgj.ro\/wp-content\/uploads\/2024\/09\/Dr.-Feraru-Alin.pdf\" target=\"_blank\" rel=\"noopener\">Dr. Feraru Alin<\/a><\/span><br \/>\n<span style=\"color: #0000ff;\"><a style=\"color: #0000ff;\" href=\"https:\/\/cmgj.ro\/wp-content\/uploads\/2024\/09\/Dr.-Grecu-Tatiana-Paulina.pdf\" target=\"_blank\" rel=\"noopener\">Dr. Grecu Tatiana Paulina<\/a><\/span><br \/>\n<span style=\"color: #0000ff;\"><a style=\"color: #0000ff;\" href=\"https:\/\/cmgj.ro\/wp-content\/uploads\/2024\/09\/Dr.-Guta-Natalia.pdf\" target=\"_blank\" rel=\"noopener\">Dr. Gu\u021b\u0103 Natalia<\/a><\/span><br \/>\n<span style=\"color: #0000ff;\"><a style=\"color: #0000ff;\" href=\"https:\/\/cmgj.ro\/wp-content\/uploads\/2024\/09\/Dr.-Hortopan-Ramona-Cristina.pdf\" target=\"_blank\" rel=\"noopener\">Dr. Hortopan Ramona Cristina<\/a><\/span><br \/>\n<span style=\"color: #0000ff;\"><a style=\"color: #0000ff;\" href=\"https:\/\/cmgj.ro\/wp-content\/uploads\/2024\/09\/Dr.-Huzu-Maddy-Andreea.pdf\" target=\"_blank\" rel=\"noopener\">Dr. Huzu Maddy Andreea<\/a><\/span><br \/>\n<span style=\"color: #0000ff;\"><a style=\"color: #0000ff;\" href=\"https:\/\/cmgj.ro\/wp-content\/uploads\/2024\/09\/Dr.-Istratie-Catalin.pdf\" target=\"_blank\" rel=\"noopener\">Dr. Istratie C\u0103t\u0103lin<\/a><\/span><br \/>\n<span style=\"color: #0000ff;\"><a style=\"color: #0000ff;\" href=\"https:\/\/cmgj.ro\/wp-content\/uploads\/2024\/09\/Dr.-Isfan-Natalia-Simona.pdf\" target=\"_blank\" rel=\"noopener\">Dr. I\u0219fan Natalia Simona<\/a><\/span><br \/>\n<span style=\"color: #0000ff;\"><a style=\"color: #0000ff;\" href=\"https:\/\/cmgj.ro\/wp-content\/uploads\/2024\/09\/Dr.-Moisescu-Gheorghe-Mihail.pdf\" target=\"_blank\" rel=\"noopener\">Dr. Moisescu Gheorghe Mihail<\/a><\/span><br \/>\n<span style=\"color: #0000ff;\"><a style=\"color: #0000ff;\" href=\"https:\/\/cmgj.ro\/wp-content\/uploads\/2024\/09\/Dr.-Nitu-Monica-Gabriela.pdf\" target=\"_blank\" rel=\"noopener\">Dr. Ni\u021bu Monica Gabriela<\/a><\/span><br \/>\n<span style=\"color: #0000ff;\"><a style=\"color: #0000ff;\" href=\"https:\/\/cmgj.ro\/wp-content\/uploads\/2024\/09\/Dr.-Nitu-Scaueru-Florin-Alexandru.pdf\" target=\"_blank\" rel=\"noopener\">Dr. Ni\u021bu Sc\u0103ueru Florin Alexandru<\/a><\/span><br \/>\n<span style=\"color: #0000ff;\"><a style=\"color: #0000ff;\" href=\"https:\/\/cmgj.ro\/wp-content\/uploads\/2024\/09\/Dr.-Popa-Stefanita.pdf\" target=\"_blank\" rel=\"noopener\">Dr. Popa \u0218tef\u0103ni\u021b\u0103<\/a><\/span><br \/>\n<span style=\"color: #0000ff;\"><a style=\"color: #0000ff;\" href=\"https:\/\/cmgj.ro\/wp-content\/uploads\/2024\/09\/Dr.-Purcel-Iuliana.pdf\" target=\"_blank\" rel=\"noopener\">Dr. Purcel Iuliana<\/a><\/span><br \/>\n<span style=\"color: #0000ff;\"><a style=\"color: #0000ff;\" href=\"https:\/\/cmgj.ro\/wp-content\/uploads\/2024\/09\/Dr.-Raut-Bratiloveanu-Cosmin.pdf\" target=\"_blank\" rel=\"noopener\">Dr. R\u0103ut Bratiloveanu Cosmin<\/a><\/span><br \/>\n<span style=\"color: #0000ff;\"><a style=\"color: #0000ff;\" href=\"https:\/\/cmgj.ro\/wp-content\/uploads\/2024\/09\/Dr.-Sandu-Emil.pdf\" target=\"_blank\" rel=\"noopener\">Dr. Sandu Emil<\/a><\/span><br \/>\n<span style=\"color: #0000ff;\"><a style=\"color: #0000ff;\" href=\"https:\/\/cmgj.ro\/wp-content\/uploads\/2024\/09\/Dr.-Velcea-Ana.pdf\" target=\"_blank\" rel=\"noopener\">Dr. Velcea Ana<\/a><\/span><\/p>\n","protected":false},"excerpt":{"rendered":"<p>Dr. Bu\u0219u Lorelei Narcis Dr. B\u0103leanu Ana Dr. B\u0103lu\u021b\u0103 Maria Mihaila Dr. Ciungu Valentin Dr. C\u00eempeanu Ana Maria Dr. C\u0103liman Eugenia Dr. [&hellip;]<\/p>\n","protected":false},"author":7,"featured_media":0,"parent":0,"menu_order":0,"comment_status":"closed","ping_status":"closed","template":"","meta":{"footnotes":""},"class_list":["post-278","page","type-page","status-publish","hentry"],"_links":{"self":[{"href":"https:\/\/cmgj.ro\/index.php?rest_route=\/wp\/v2\/pages\/278","targetHints":{"allow":["GET"]}}],"collection":[{"href":"https:\/\/cmgj.ro\/index.php?rest_route=\/wp\/v2\/pages"}],"about":[{"href":"https:\/\/cmgj.ro\/index.php?rest_route=\/wp\/v2\/types\/page"}],"author":[{"embeddable":true,"href":"https:\/\/cmgj.ro\/index.php?rest_route=\/wp\/v2\/users\/7"}],"replies":[{"embeddable":true,"href":"https:\/\/cmgj.ro\/index.php?rest_route=%2Fwp%2Fv2%2Fcomments&post=278"}],"version-history":[{"count":5,"href":"https:\/\/cmgj.ro\/index.php?rest_route=\/wp\/v2\/pages\/278\/revisions"}],"predecessor-version":[{"id":315,"href":"https:\/\/cmgj.ro\/index.php?rest_route=\/wp\/v2\/pages\/278\/revisions\/315"}],"wp:attachment":[{"href":"https:\/\/cmgj.ro\/index.php?rest_route=%2Fwp%2Fv2%2Fmedia&parent=278"}],"curies":[{"name":"wp","href":"https:\/\/api.w.org\/{rel}","templated":true}]}}