{"id":41,"date":"2020-02-04T14:16:22","date_gmt":"2020-02-04T12:16:22","guid":{"rendered":"https:\/\/cmgj.ro\/?page_id=41"},"modified":"2024-11-26T10:59:18","modified_gmt":"2024-11-26T08:59:18","slug":"organizare","status":"publish","type":"page","link":"https:\/\/cmgj.ro\/?page_id=41","title":{"rendered":"Organizare"},"content":{"rendered":"<h1 style=\"text-align: center;\"><strong>Biroul Colegiul Medicilor Gorj<\/strong><\/h1>\n<p style=\"text-align: center;\"><span style=\"color: #ff0000;\"><strong>PRE\u0218EDINTE:<\/strong><\/span><br \/>\n<strong>DR. ANA B\u0102LEANU<\/strong><\/p>\n<p style=\"text-align: center;\"><span style=\"color: #ff0000;\"><strong>VICEPRE\u0218EDIN\u021aI:<\/strong><\/span><\/p>\n<p style=\"text-align: center;\"><strong>BU\u0218U LORELEI NARCIS<\/strong><\/p>\n<p style=\"text-align: center;\"><strong>C\u00ceMPEANU ANA MARIA<\/strong><\/p>\n<p style=\"text-align: center;\"><strong>D\u0102N\u0102IA\u021a\u0102 CONSTANTIN ALIN<\/strong><\/p>\n<p style=\"text-align: center;\"><span style=\"color: #ff0000;\"><strong>SECRETAR:<\/strong><\/span><\/p>\n<p style=\"text-align: center;\"><strong>NI\u021aU &#8211; SC\u0102UERU FLORIN ALEXANDRU<\/strong><\/p>\n","protected":false},"excerpt":{"rendered":"<p>Biroul Colegiul Medicilor Gorj PRE\u0218EDINTE: DR. ANA B\u0102LEANU VICEPRE\u0218EDIN\u021aI: BU\u0218U LORELEI NARCIS C\u00ceMPEANU ANA MARIA D\u0102N\u0102IA\u021a\u0102 CONSTANTIN ALIN SECRETAR: NI\u021aU &#8211; SC\u0102UERU [&hellip;]<\/p>\n","protected":false},"author":6,"featured_media":0,"parent":0,"menu_order":0,"comment_status":"closed","ping_status":"closed","template":"","meta":{"footnotes":""},"class_list":["post-41","page","type-page","status-publish","hentry"],"_links":{"self":[{"href":"https:\/\/cmgj.ro\/index.php?rest_route=\/wp\/v2\/pages\/41","targetHints":{"allow":["GET"]}}],"collection":[{"href":"https:\/\/cmgj.ro\/index.php?rest_route=\/wp\/v2\/pages"}],"about":[{"href":"https:\/\/cmgj.ro\/index.php?rest_route=\/wp\/v2\/types\/page"}],"author":[{"embeddable":true,"href":"https:\/\/cmgj.ro\/index.php?rest_route=\/wp\/v2\/users\/6"}],"replies":[{"embeddable":true,"href":"https:\/\/cmgj.ro\/index.php?rest_route=%2Fwp%2Fv2%2Fcomments&post=41"}],"version-history":[{"count":3,"href":"https:\/\/cmgj.ro\/index.php?rest_route=\/wp\/v2\/pages\/41\/revisions"}],"predecessor-version":[{"id":465,"href":"https:\/\/cmgj.ro\/index.php?rest_route=\/wp\/v2\/pages\/41\/revisions\/465"}],"wp:attachment":[{"href":"https:\/\/cmgj.ro\/index.php?rest_route=%2Fwp%2Fv2%2Fmedia&parent=41"}],"curies":[{"name":"wp","href":"https:\/\/api.w.org\/{rel}","templated":true}]}}